{"id":1146,"date":"2020-11-26T14:30:55","date_gmt":"2020-11-26T14:30:55","guid":{"rendered":"https:\/\/mevoy.qodeinteractive.com\/?page_id=1146"},"modified":"2025-07-09T10:19:17","modified_gmt":"2025-07-09T10:19:17","slug":"about-me","status":"publish","type":"page","link":"https:\/\/cathidraws.de\/?page_id=1146","title":{"rendered":"\u00dcber mich"},"content":{"rendered":"\t\t<div data-elementor-type=\"wp-page\" data-elementor-id=\"1146\" class=\"elementor elementor-1146\">\n\t\t\t\t\t\t<section class=\"elementor-section elementor-top-section elementor-element elementor-element-926773e elementor-section-full_width elementor-section-items-stretch qodef-elementor-content-grid elementor-section-height-full elementor-section-stretched qodef-extended-grid qodef-extended-grid--right qodef-extended-grid-disabled--1024 elementor-section-height-default\" data-id=\"926773e\" data-element_type=\"section\" data-e-type=\"section\" data-settings=\"{&quot;stretch_section&quot;:&quot;section-stretched&quot;}\">\n\t\t\t\t\t\t<div class=\"elementor-container elementor-column-gap-default\">\n\t\t\t\t\t<div class=\"elementor-column elementor-col-50 elementor-top-column elementor-element elementor-element-3d5d595\" data-id=\"3d5d595\" data-element_type=\"column\" data-e-type=\"column\">\n\t\t\t<div class=\"elementor-widget-wrap elementor-element-populated\">\n\t\t\t\t\t\t<div class=\"elementor-element elementor-element-b7c728b elementor-widget__width-initial elementor-widget-tablet__width-initial elementor-widget elementor-widget-mevoy_core_section_title\" data-id=\"b7c728b\" data-element_type=\"widget\" data-e-type=\"widget\" data-widget_type=\"mevoy_core_section_title.default\">\n\t\t\t\t<div class=\"elementor-widget-container\">\n\t\t\t\t\t<div class=\"qodef-shortcode qodef-m  qodef-section-title qodef-alignment--left \">\n\t\t\t<h2 class=\"qodef-m-title\" >\n\t\t\t\t\tSch\u00f6n, dass du da bist!\t\t\t<\/h2>\n\t<\/div>\t\t\t\t<\/div>\n\t\t\t\t<\/div>\n\t\t\t\t<div class=\"elementor-element elementor-element-11ea2b5 elementor-widget elementor-widget-text-editor\" data-id=\"11ea2b5\" data-element_type=\"widget\" data-e-type=\"widget\" data-widget_type=\"text-editor.default\">\n\t\t\t\t<div class=\"elementor-widget-container\">\n\t\t\t\t\t\t\t\t\t<p>Ich bin Catharina Class und seit ich denken kann, erkunde ich mit gro\u00dfer Hingabe die vielf\u00e4ltigen M\u00f6glichkeiten der Kunst. Mein Fokus liegt heute auf der Darstellung der \u201enackten Wahrheit\u201c des Menschen \u2013 sei es in ausdrucksstarken Portr\u00e4ts oder sinnlichen Aktmalereien.<\/p>\n<p>Da ich es liebe, mich durch mein Schaffen in all seinen Facetten auszudr\u00fccken, habe ich zudem Kommunikationsdesign in Wiesbaden mit dem Schwerpunkt Editorial und Illustration studiert.<\/p>\n<p>Sch\u00f6n, dass du mich hier gefunden hast \u2013 ich w\u00fcnsche dir viel Freude beim Entdecken meiner Werke!<\/p>\t\t\t\t\t\t\t\t<\/div>\n\t\t\t\t<\/div>\n\t\t\t\t\t<\/div>\n\t\t<\/div>\n\t\t\t\t<div class=\"elementor-column elementor-col-50 elementor-top-column elementor-element elementor-element-99c214c\" data-id=\"99c214c\" data-element_type=\"column\" data-e-type=\"column\">\n\t\t\t<div class=\"elementor-widget-wrap elementor-element-populated\">\n\t\t\t\t\t\t<div class=\"elementor-element elementor-element-48cef22 elementor-widget__width-initial elementor-absolute elementor-widget-tablet__width-initial elementor-widget-mobile__width-initial elementor-widget elementor-widget-image\" data-id=\"48cef22\" data-element_type=\"widget\" data-e-type=\"widget\" data-settings=\"{&quot;_position&quot;:&quot;absolute&quot;}\" data-widget_type=\"image.default\">\n\t\t\t\t<div class=\"elementor-widget-container\">\n\t\t\t\t\t\t\t\t\t\t\t\t\t\t\t<img fetchpriority=\"high\" decoding=\"async\" width=\"2529\" height=\"2753\" src=\"https:\/\/cathidraws.de\/wp-content\/uploads\/2023\/10\/me.png\" class=\"attachment-full size-full wp-image-6350\" alt=\"\" srcset=\"https:\/\/cathidraws.de\/wp-content\/uploads\/2023\/10\/me.png 2529w, https:\/\/cathidraws.de\/wp-content\/uploads\/2023\/10\/me-276x300.png 276w, https:\/\/cathidraws.de\/wp-content\/uploads\/2023\/10\/me-941x1024.png 941w, https:\/\/cathidraws.de\/wp-content\/uploads\/2023\/10\/me-768x836.png 768w, https:\/\/cathidraws.de\/wp-content\/uploads\/2023\/10\/me-1411x1536.png 1411w, https:\/\/cathidraws.de\/wp-content\/uploads\/2023\/10\/me-1881x2048.png 1881w, https:\/\/cathidraws.de\/wp-content\/uploads\/2023\/10\/me-600x653.png 600w\" sizes=\"(max-width: 2529px) 100vw, 2529px\" \/>\t\t\t\t\t\t\t\t\t\t\t\t\t\t\t<\/div>\n\t\t\t\t<\/div>\n\t\t\t\t\t<\/div>\n\t\t<\/div>\n\t\t\t\t\t<\/div>\n\t\t<\/section>\n\t\t\t\t<section class=\"elementor-section elementor-top-section elementor-element elementor-element-04c5566 elementor-section-boxed elementor-section-height-default elementor-section-height-default qodef-elementor-content-no\" data-id=\"04c5566\" data-element_type=\"section\" data-e-type=\"section\">\n\t\t\t\t\t\t<div class=\"elementor-container elementor-column-gap-default\">\n\t\t\t\t\t<div class=\"elementor-column elementor-col-50 elementor-top-column elementor-element elementor-element-049070f\" data-id=\"049070f\" data-element_type=\"column\" data-e-type=\"column\">\n\t\t\t<div class=\"elementor-widget-wrap elementor-element-populated\">\n\t\t\t\t\t\t<div class=\"elementor-element elementor-element-cf51deb elementor-widget__width-initial elementor-widget elementor-widget-button\" data-id=\"cf51deb\" data-element_type=\"widget\" data-e-type=\"widget\" data-widget_type=\"button.default\">\n\t\t\t\t<div class=\"elementor-widget-container\">\n\t\t\t\t\t\t\t\t\t<div class=\"elementor-button-wrapper\">\n\t\t\t\t\t<a class=\"elementor-button elementor-button-link elementor-size-sm\" href=\"https:\/\/www.instagram.com\/cathidraws\/\">\n\t\t\t\t\t\t<span class=\"elementor-button-content-wrapper\">\n\t\t\t\t\t\t\t\t\t<span class=\"elementor-button-text\">Instagram<\/span>\n\t\t\t\t\t<\/span>\n\t\t\t\t\t<\/a>\n\t\t\t\t<\/div>\n\t\t\t\t\t\t\t\t<\/div>\n\t\t\t\t<\/div>\n\t\t\t\t<div class=\"elementor-element elementor-element-4284a9e elementor-widget elementor-widget-button\" data-id=\"4284a9e\" data-element_type=\"widget\" data-e-type=\"widget\" data-widget_type=\"button.default\">\n\t\t\t\t<div class=\"elementor-widget-container\">\n\t\t\t\t\t\t\t\t\t<div class=\"elementor-button-wrapper\">\n\t\t\t\t\t<a class=\"elementor-button elementor-button-link elementor-size-sm\" href=\"mailto:info@cathidraws.de\">\n\t\t\t\t\t\t<span class=\"elementor-button-content-wrapper\">\n\t\t\t\t\t\t\t\t\t<span class=\"elementor-button-text\">Email<\/span>\n\t\t\t\t\t<\/span>\n\t\t\t\t\t<\/a>\n\t\t\t\t<\/div>\n\t\t\t\t\t\t\t\t<\/div>\n\t\t\t\t<\/div>\n\t\t\t\t\t<\/div>\n\t\t<\/div>\n\t\t\t\t<div class=\"elementor-column elementor-col-50 elementor-top-column elementor-element elementor-element-eeba28a\" data-id=\"eeba28a\" data-element_type=\"column\" data-e-type=\"column\">\n\t\t\t<div class=\"elementor-widget-wrap\">\n\t\t\t\t\t\t\t<\/div>\n\t\t<\/div>\n\t\t\t\t\t<\/div>\n\t\t<\/section>\n\t\t\t\t<\/div>\n\t\t","protected":false},"excerpt":{"rendered":"<p>Sch\u00f6n, dass du da bist! Ich bin Catharina Class und seit ich denken kann, erkunde ich mit gro\u00dfer Hingabe die vielf\u00e4ltigen M\u00f6glichkeiten der Kunst. Mein Fokus liegt heute auf der Darstellung der \u201enackten Wahrheit\u201c des Menschen \u2013 sei es in ausdrucksstarken Portr\u00e4ts oder sinnlichen Aktmalereien. Da ich es liebe, mich durch mein Schaffen in all [&hellip;]<\/p>\n","protected":false},"author":2,"featured_media":0,"parent":0,"menu_order":0,"comment_status":"closed","ping_status":"closed","template":"page-full-width.php","meta":{"footnotes":""},"class_list":["post-1146","page","type-page","status-publish","hentry"],"_links":{"self":[{"href":"https:\/\/cathidraws.de\/index.php?rest_route=\/wp\/v2\/pages\/1146","targetHints":{"allow":["GET"]}}],"collection":[{"href":"https:\/\/cathidraws.de\/index.php?rest_route=\/wp\/v2\/pages"}],"about":[{"href":"https:\/\/cathidraws.de\/index.php?rest_route=\/wp\/v2\/types\/page"}],"author":[{"embeddable":true,"href":"https:\/\/cathidraws.de\/index.php?rest_route=\/wp\/v2\/users\/2"}],"replies":[{"embeddable":true,"href":"https:\/\/cathidraws.de\/index.php?rest_route=%2Fwp%2Fv2%2Fcomments&post=1146"}],"version-history":[{"count":6,"href":"https:\/\/cathidraws.de\/index.php?rest_route=\/wp\/v2\/pages\/1146\/revisions"}],"predecessor-version":[{"id":6550,"href":"https:\/\/cathidraws.de\/index.php?rest_route=\/wp\/v2\/pages\/1146\/revisions\/6550"}],"wp:attachment":[{"href":"https:\/\/cathidraws.de\/index.php?rest_route=%2Fwp%2Fv2%2Fmedia&parent=1146"}],"curies":[{"name":"wp","href":"https:\/\/api.w.org\/{rel}","templated":true}]}}