{"id":5868,"date":"2020-08-18T08:49:10","date_gmt":"2020-08-18T08:49:10","guid":{"rendered":"https:\/\/mevoy.qodeinteractive.com\/?page_id=10"},"modified":"2025-02-20T14:01:59","modified_gmt":"2025-02-20T14:01:59","slug":"anwen","status":"publish","type":"page","link":"https:\/\/cathidraws.de\/","title":{"rendered":"Home"},"content":{"rendered":"\t\t<div data-elementor-type=\"wp-page\" data-elementor-id=\"5868\" class=\"elementor elementor-5868\">\n\t\t\t\t\t\t<section class=\"elementor-section elementor-top-section elementor-element elementor-element-6980b9e elementor-section-boxed elementor-section-height-default elementor-section-height-default qodef-elementor-content-no\" data-id=\"6980b9e\" data-element_type=\"section\" data-e-type=\"section\">\n\t\t\t\t\t\t<div class=\"elementor-container elementor-column-gap-default\">\n\t\t\t\t\t<div class=\"elementor-column elementor-col-100 elementor-top-column elementor-element elementor-element-e182544\" data-id=\"e182544\" data-element_type=\"column\" data-e-type=\"column\">\n\t\t\t<div class=\"elementor-widget-wrap\">\n\t\t\t\t\t\t\t<\/div>\n\t\t<\/div>\n\t\t\t\t\t<\/div>\n\t\t<\/section>\n\t\t\t\t<section class=\"elementor-section elementor-top-section elementor-element elementor-element-d09040c elementor-section-boxed elementor-section-height-default elementor-section-height-default qodef-elementor-content-no\" data-id=\"d09040c\" data-element_type=\"section\" data-e-type=\"section\">\n\t\t\t\t\t\t<div class=\"elementor-container elementor-column-gap-default\">\n\t\t\t\t\t<div class=\"elementor-column elementor-col-100 elementor-top-column elementor-element elementor-element-1e78956\" data-id=\"1e78956\" data-element_type=\"column\" data-e-type=\"column\">\n\t\t\t<div class=\"elementor-widget-wrap elementor-element-populated\">\n\t\t\t\t\t\t<div class=\"elementor-element elementor-element-6383a65 elementor-widget elementor-widget-mevoy_core_portfolio_category_list\" data-id=\"6383a65\" data-element_type=\"widget\" data-e-type=\"widget\" data-widget_type=\"mevoy_core_portfolio_category_list.default\">\n\t\t\t\t<div class=\"elementor-widget-container\">\n\t\t\t\t\t<div class=\"qodef-shortcode qodef-m  qodef-portfolio-category-list qodef-layout--standard qodef-grid qodef-layout--masonry   qodef-gutter--huge qodef-col-num--2 qodef-item-layout--standard qodef-responsive--predefined\">\n\t<div class=\"qodef-grid-inner clear\">\n\t\t\t<div class=\"qodef-grid-masonry-sizer\"><\/div>\n\t<div class=\"qodef-grid-masonry-gutter\"><\/div>\n<article class=\"qodef-e qodef-grid-item\">\n\t<div class=\"qodef-e-inner\">\n\t\t\t<div class=\"qodef-e-image\">\n\t\t<a itemprop=\"url\" class=\"qodef-e-image-link\" href=\"https:\/\/cathidraws.de\/?portfolio-category=design\">\n\t\t\t<img fetchpriority=\"high\" decoding=\"async\" width=\"2560\" height=\"1920\" src=\"https:\/\/cathidraws.de\/wp-content\/uploads\/2025\/02\/eneuIMG_1295-scaled.jpg\" class=\"attachment-full size-full\" alt=\"\" srcset=\"https:\/\/cathidraws.de\/wp-content\/uploads\/2025\/02\/eneuIMG_1295-scaled.jpg 2560w, https:\/\/cathidraws.de\/wp-content\/uploads\/2025\/02\/eneuIMG_1295-300x225.jpg 300w, https:\/\/cathidraws.de\/wp-content\/uploads\/2025\/02\/eneuIMG_1295-1024x768.jpg 1024w, https:\/\/cathidraws.de\/wp-content\/uploads\/2025\/02\/eneuIMG_1295-768x576.jpg 768w, https:\/\/cathidraws.de\/wp-content\/uploads\/2025\/02\/eneuIMG_1295-1536x1152.jpg 1536w, https:\/\/cathidraws.de\/wp-content\/uploads\/2025\/02\/eneuIMG_1295-2048x1536.jpg 2048w, https:\/\/cathidraws.de\/wp-content\/uploads\/2025\/02\/eneuIMG_1295-600x450.jpg 600w\" sizes=\"(max-width: 2560px) 100vw, 2560px\" \/>\t\t<\/a>\n\t<\/div>\n\t\t<div class=\"qodef-e-content\">\n\t\t\t<h4 itemprop=\"name\" class=\"qodef-e-title entry-title\" >\n\tDesign<\/h4>\t\t\t\t\t<\/div>\n\t\t<a itemprop=\"url\" class=\"qodef-e-link\" href=\"https:\/\/cathidraws.de\/?portfolio-category=design\"><\/a>\t<\/div>\n<\/article><article class=\"qodef-e qodef-grid-item\">\n\t<div class=\"qodef-e-inner\">\n\t\t\t<div class=\"qodef-e-image\">\n\t\t<a itemprop=\"url\" class=\"qodef-e-image-link\" href=\"https:\/\/cathidraws.de\/?portfolio-category=portraits\">\n\t\t\t<img decoding=\"async\" width=\"2094\" height=\"2560\" src=\"https:\/\/cathidraws.de\/wp-content\/uploads\/2025\/02\/facingfear-scaled.jpg\" class=\"attachment-full size-full\" alt=\"\" srcset=\"https:\/\/cathidraws.de\/wp-content\/uploads\/2025\/02\/facingfear-scaled.jpg 2094w, https:\/\/cathidraws.de\/wp-content\/uploads\/2025\/02\/facingfear-245x300.jpg 245w, https:\/\/cathidraws.de\/wp-content\/uploads\/2025\/02\/facingfear-838x1024.jpg 838w, https:\/\/cathidraws.de\/wp-content\/uploads\/2025\/02\/facingfear-768x939.jpg 768w, https:\/\/cathidraws.de\/wp-content\/uploads\/2025\/02\/facingfear-1256x1536.jpg 1256w, https:\/\/cathidraws.de\/wp-content\/uploads\/2025\/02\/facingfear-1675x2048.jpg 1675w, https:\/\/cathidraws.de\/wp-content\/uploads\/2025\/02\/facingfear-600x734.jpg 600w\" sizes=\"(max-width: 2094px) 100vw, 2094px\" \/>\t\t<\/a>\n\t<\/div>\n\t\t<div class=\"qodef-e-content\">\n\t\t\t<h4 itemprop=\"name\" class=\"qodef-e-title entry-title\" >\n\tPortraits<\/h4>\t\t\t\t\t<\/div>\n\t\t<a itemprop=\"url\" class=\"qodef-e-link\" href=\"https:\/\/cathidraws.de\/?portfolio-category=portraits\"><\/a>\t<\/div>\n<\/article><article class=\"qodef-e qodef-grid-item\">\n\t<div class=\"qodef-e-inner\">\n\t\t\t<div class=\"qodef-e-image\">\n\t\t<a itemprop=\"url\" class=\"qodef-e-image-link\" href=\"https:\/\/cathidraws.de\/?portfolio-category=akte\">\n\t\t\t<img decoding=\"async\" width=\"685\" height=\"1080\" src=\"https:\/\/cathidraws.de\/wp-content\/uploads\/2023\/05\/Der-Bruch.jpg\" class=\"attachment-full size-full\" alt=\"\" srcset=\"https:\/\/cathidraws.de\/wp-content\/uploads\/2023\/05\/Der-Bruch.jpg 685w, https:\/\/cathidraws.de\/wp-content\/uploads\/2023\/05\/Der-Bruch-190x300.jpg 190w, https:\/\/cathidraws.de\/wp-content\/uploads\/2023\/05\/Der-Bruch-649x1024.jpg 649w, https:\/\/cathidraws.de\/wp-content\/uploads\/2023\/05\/Der-Bruch-600x946.jpg 600w\" sizes=\"(max-width: 685px) 100vw, 685px\" \/>\t\t<\/a>\n\t<\/div>\n\t\t<div class=\"qodef-e-content\">\n\t\t\t<h4 itemprop=\"name\" class=\"qodef-e-title entry-title\" >\n\tAkte<\/h4>\t\t\t\t\t<\/div>\n\t\t<a itemprop=\"url\" class=\"qodef-e-link\" href=\"https:\/\/cathidraws.de\/?portfolio-category=akte\"><\/a>\t<\/div>\n<\/article><article class=\"qodef-e qodef-grid-item\">\n\t<div class=\"qodef-e-inner\">\n\t\t\t<div class=\"qodef-e-image\">\n\t\t<a itemprop=\"url\" class=\"qodef-e-image-link\" href=\"https:\/\/cathidraws.de\/?portfolio-category=koepfe\">\n\t\t\t<img loading=\"lazy\" decoding=\"async\" width=\"1080\" height=\"1350\" src=\"https:\/\/cathidraws.de\/wp-content\/uploads\/2023\/05\/Koepfe-CategoryImage.jpg\" class=\"attachment-full size-full\" alt=\"\" srcset=\"https:\/\/cathidraws.de\/wp-content\/uploads\/2023\/05\/Koepfe-CategoryImage.jpg 1080w, https:\/\/cathidraws.de\/wp-content\/uploads\/2023\/05\/Koepfe-CategoryImage-240x300.jpg 240w, https:\/\/cathidraws.de\/wp-content\/uploads\/2023\/05\/Koepfe-CategoryImage-819x1024.jpg 819w, https:\/\/cathidraws.de\/wp-content\/uploads\/2023\/05\/Koepfe-CategoryImage-768x960.jpg 768w, https:\/\/cathidraws.de\/wp-content\/uploads\/2023\/05\/Koepfe-CategoryImage-600x750.jpg 600w\" sizes=\"(max-width: 1080px) 100vw, 1080px\" \/>\t\t<\/a>\n\t<\/div>\n\t\t<div class=\"qodef-e-content\">\n\t\t\t<h4 itemprop=\"name\" class=\"qodef-e-title entry-title\" >\n\tK\u00f6pfe<\/h4>\t\t\t\t\t<\/div>\n\t\t<a itemprop=\"url\" class=\"qodef-e-link\" href=\"https:\/\/cathidraws.de\/?portfolio-category=koepfe\"><\/a>\t<\/div>\n<\/article><article class=\"qodef-e qodef-grid-item\">\n\t<div class=\"qodef-e-inner\">\n\t\t\t<div class=\"qodef-e-image\">\n\t\t<a itemprop=\"url\" class=\"qodef-e-image-link\" href=\"https:\/\/cathidraws.de\/?portfolio-category=experimente\">\n\t\t\t<img loading=\"lazy\" decoding=\"async\" width=\"2492\" height=\"2492\" src=\"https:\/\/cathidraws.de\/wp-content\/uploads\/2023\/10\/awake.jpg\" class=\"attachment-full size-full\" alt=\"\" srcset=\"https:\/\/cathidraws.de\/wp-content\/uploads\/2023\/10\/awake.jpg 2492w, https:\/\/cathidraws.de\/wp-content\/uploads\/2023\/10\/awake-300x300.jpg 300w, https:\/\/cathidraws.de\/wp-content\/uploads\/2023\/10\/awake-1024x1024.jpg 1024w, https:\/\/cathidraws.de\/wp-content\/uploads\/2023\/10\/awake-150x150.jpg 150w, https:\/\/cathidraws.de\/wp-content\/uploads\/2023\/10\/awake-768x768.jpg 768w, https:\/\/cathidraws.de\/wp-content\/uploads\/2023\/10\/awake-1536x1536.jpg 1536w, https:\/\/cathidraws.de\/wp-content\/uploads\/2023\/10\/awake-2048x2048.jpg 2048w, https:\/\/cathidraws.de\/wp-content\/uploads\/2023\/10\/awake-650x650.jpg 650w, https:\/\/cathidraws.de\/wp-content\/uploads\/2023\/10\/awake-1300x1300.jpg 1300w, https:\/\/cathidraws.de\/wp-content\/uploads\/2023\/10\/awake-600x600.jpg 600w, https:\/\/cathidraws.de\/wp-content\/uploads\/2023\/10\/awake-100x100.jpg 100w\" sizes=\"(max-width: 2492px) 100vw, 2492px\" \/>\t\t<\/a>\n\t<\/div>\n\t\t<div class=\"qodef-e-content\">\n\t\t\t<h4 itemprop=\"name\" class=\"qodef-e-title entry-title\" >\n\tExperimente<\/h4>\t\t\t\t\t<\/div>\n\t\t<a itemprop=\"url\" class=\"qodef-e-link\" href=\"https:\/\/cathidraws.de\/?portfolio-category=experimente\"><\/a>\t<\/div>\n<\/article>\t<\/div>\n<\/div>\t\t\t\t<\/div>\n\t\t\t\t<\/div>\n\t\t\t\t\t<\/div>\n\t\t<\/div>\n\t\t\t\t\t<\/div>\n\t\t<\/section>\n\t\t\t\t<section class=\"elementor-section elementor-top-section elementor-element elementor-element-41bf5ca elementor-section-full_width qodef-elementor-content-grid qodef-extended-grid qodef-extended-grid--right qodef-extended-grid-disabled--1024 elementor-section-height-default elementor-section-height-default\" data-id=\"41bf5ca\" data-element_type=\"section\" data-e-type=\"section\">\n\t\t\t\t\t\t<div class=\"elementor-container elementor-column-gap-no\">\n\t\t\t\t\t<div class=\"elementor-column elementor-col-50 elementor-top-column elementor-element elementor-element-2cd2018\" data-id=\"2cd2018\" data-element_type=\"column\" data-e-type=\"column\" data-settings=\"{&quot;background_background&quot;:&quot;classic&quot;}\">\n\t\t\t<div class=\"elementor-widget-wrap elementor-element-populated\">\n\t\t\t\t\t\t<div class=\"elementor-element elementor-element-5bb3fe6 elementor-widget__width-initial elementor-widget-mobile__width-initial elementor-widget-tablet__width-initial elementor-widget elementor-widget-mevoy_core_section_title\" data-id=\"5bb3fe6\" data-element_type=\"widget\" data-e-type=\"widget\" data-widget_type=\"mevoy_core_section_title.default\">\n\t\t\t\t<div class=\"elementor-widget-container\">\n\t\t\t\t\t<div class=\"qodef-shortcode qodef-m  qodef-section-title qodef-alignment--left \">\n\t\t\t<h2 class=\"qodef-m-title\" >\n\t\t\t\t\tSch\u00f6n, dass du da bist!\t\t\t<\/h2>\n\t<\/div>\t\t\t\t<\/div>\n\t\t\t\t<\/div>\n\t\t\t\t<div class=\"elementor-element elementor-element-abba9f3 elementor-widget-tablet__width-initial elementor-widget elementor-widget-mevoy_core_button\" data-id=\"abba9f3\" data-element_type=\"widget\" data-e-type=\"widget\" data-widget_type=\"mevoy_core_button.default\">\n\t\t\t\t<div class=\"elementor-widget-container\">\n\t\t\t\t\t<a class=\"qodef-shortcode qodef-m  qodef-button qodef-layout--outlined  qodef-html--link\" href=\"https:\/\/cathidraws.de\/?page_id=1146\" target=\"_self\"  >\n\t<span class=\"qodef-m-text\">Infos \u00fcber mich<\/span>\n<\/a>\t\t\t\t<\/div>\n\t\t\t\t<\/div>\n\t\t\t\t<div class=\"elementor-element elementor-element-7ce1036 elementor-widget-mobile__width-initial elementor-widget-tablet__width-initial elementor-widget elementor-widget-spacer\" data-id=\"7ce1036\" data-element_type=\"widget\" data-e-type=\"widget\" data-widget_type=\"spacer.default\">\n\t\t\t\t<div class=\"elementor-widget-container\">\n\t\t\t\t\t\t\t<div class=\"elementor-spacer\">\n\t\t\t<div class=\"elementor-spacer-inner\"><\/div>\n\t\t<\/div>\n\t\t\t\t\t\t<\/div>\n\t\t\t\t<\/div>\n\t\t\t\t\t<\/div>\n\t\t<\/div>\n\t\t\t\t<div class=\"elementor-column elementor-col-50 elementor-top-column elementor-element elementor-element-f9b72f4\" data-id=\"f9b72f4\" data-element_type=\"column\" data-e-type=\"column\">\n\t\t\t<div class=\"elementor-widget-wrap elementor-element-populated\">\n\t\t\t\t\t\t<div class=\"elementor-element elementor-element-6272f99 qodef-custom-zoom-appear elementor-widget__width-initial elementor-widget-tablet__width-initial elementor-widget elementor-widget-image\" data-id=\"6272f99\" data-element_type=\"widget\" data-e-type=\"widget\" data-widget_type=\"image.default\">\n\t\t\t\t<div class=\"elementor-widget-container\">\n\t\t\t\t\t\t\t\t\t\t\t\t\t\t\t<img loading=\"lazy\" decoding=\"async\" width=\"650\" height=\"650\" src=\"https:\/\/cathidraws.de\/wp-content\/uploads\/2023\/10\/me-650x650.png\" class=\"attachment-mevoy_image_size_square size-mevoy_image_size_square wp-image-6350\" alt=\"\" srcset=\"https:\/\/cathidraws.de\/wp-content\/uploads\/2023\/10\/me-650x650.png 650w, https:\/\/cathidraws.de\/wp-content\/uploads\/2023\/10\/me-150x150.png 150w, https:\/\/cathidraws.de\/wp-content\/uploads\/2023\/10\/me-1300x1300.png 1300w, https:\/\/cathidraws.de\/wp-content\/uploads\/2023\/10\/me-300x300.png 300w, https:\/\/cathidraws.de\/wp-content\/uploads\/2023\/10\/me-100x100.png 100w\" sizes=\"(max-width: 650px) 100vw, 650px\" \/>\t\t\t\t\t\t\t\t\t\t\t\t\t\t\t<\/div>\n\t\t\t\t<\/div>\n\t\t\t\t\t<\/div>\n\t\t<\/div>\n\t\t\t\t\t<\/div>\n\t\t<\/section>\n\t\t\t\t<section class=\"elementor-section elementor-top-section elementor-element elementor-element-c7882a2 elementor-section-boxed elementor-section-height-default elementor-section-height-default qodef-elementor-content-no\" data-id=\"c7882a2\" data-element_type=\"section\" data-e-type=\"section\">\n\t\t\t\t\t\t<div class=\"elementor-container elementor-column-gap-default\">\n\t\t\t\t\t<div class=\"elementor-column elementor-col-100 elementor-top-column elementor-element elementor-element-8a61939\" data-id=\"8a61939\" data-element_type=\"column\" data-e-type=\"column\">\n\t\t\t<div class=\"elementor-widget-wrap elementor-element-populated\">\n\t\t\t\t\t\t<div class=\"elementor-element elementor-element-fa074e5 elementor-widget elementor-widget-spacer\" data-id=\"fa074e5\" data-element_type=\"widget\" data-e-type=\"widget\" data-widget_type=\"spacer.default\">\n\t\t\t\t<div class=\"elementor-widget-container\">\n\t\t\t\t\t\t\t<div class=\"elementor-spacer\">\n\t\t\t<div class=\"elementor-spacer-inner\"><\/div>\n\t\t<\/div>\n\t\t\t\t\t\t<\/div>\n\t\t\t\t<\/div>\n\t\t\t\t\t<\/div>\n\t\t<\/div>\n\t\t\t\t\t<\/div>\n\t\t<\/section>\n\t\t\t\t<section class=\"elementor-section elementor-top-section elementor-element elementor-element-d451e3a elementor-section-full_width elementor-section-height-default elementor-section-height-default qodef-elementor-content-no\" data-id=\"d451e3a\" data-element_type=\"section\" data-e-type=\"section\">\n\t\t\t\t\t\t<div class=\"elementor-container elementor-column-gap-no\">\n\t\t\t\t\t<div class=\"elementor-column elementor-col-100 elementor-top-column elementor-element elementor-element-70979b4\" data-id=\"70979b4\" data-element_type=\"column\" data-e-type=\"column\">\n\t\t\t<div class=\"elementor-widget-wrap elementor-element-populated\">\n\t\t\t\t\t\t<div class=\"elementor-element elementor-element-3b24b73 elementor-widget elementor-widget-mevoy_core_instagram_list\" data-id=\"3b24b73\" data-element_type=\"widget\" data-e-type=\"widget\" data-widget_type=\"mevoy_core_instagram_list.default\">\n\t\t\t\t<div class=\"elementor-widget-container\">\n\t\t\t\t\t<div class=\"qodef-shortcode qodef-m  qodef-instagram-list qodef-layout--columns qodef--no-bottom-space  qodef-gutter--no qodef-col-num--6\">\n\t\t\t<div id=\"sbi_mod_error\" >\n\t\t\t<span>Diese Fehlermeldung ist nur f\u00fcr WordPress-Administratoren sichtbar<\/span><br\/>\n\t\t\t<p><strong>Fehler: Kein Feed gefunden.<\/strong>\n\t\t\t<p>Bitte geh zur Instagram-Feed-Einstellungsseite, um einen Feed zu erstellen.<\/p>\n\t\t<\/div>\n\t\t<\/div>\t\t\t\t<\/div>\n\t\t\t\t<\/div>\n\t\t\t\t\t<\/div>\n\t\t<\/div>\n\t\t\t\t\t<\/div>\n\t\t<\/section>\n\t\t\t\t<\/div>\n\t\t","protected":false},"excerpt":{"rendered":"<p>Design Portraits Akte K\u00f6pfe Experimente Sch\u00f6n, dass du da bist! Infos \u00fcber mich Diese Fehlermeldung ist nur f\u00fcr WordPress-Administratoren sichtbar Fehler: Kein Feed gefunden. Bitte geh zur Instagram-Feed-Einstellungsseite, um einen Feed zu erstellen.<\/p>\n","protected":false},"author":2,"featured_media":0,"parent":0,"menu_order":0,"comment_status":"closed","ping_status":"closed","template":"page-full-width.php","meta":{"footnotes":""},"class_list":["post-5868","page","type-page","status-publish","hentry"],"_links":{"self":[{"href":"https:\/\/cathidraws.de\/index.php?rest_route=\/wp\/v2\/pages\/5868","targetHints":{"allow":["GET"]}}],"collection":[{"href":"https:\/\/cathidraws.de\/index.php?rest_route=\/wp\/v2\/pages"}],"about":[{"href":"https:\/\/cathidraws.de\/index.php?rest_route=\/wp\/v2\/types\/page"}],"author":[{"embeddable":true,"href":"https:\/\/cathidraws.de\/index.php?rest_route=\/wp\/v2\/users\/2"}],"replies":[{"embeddable":true,"href":"https:\/\/cathidraws.de\/index.php?rest_route=%2Fwp%2Fv2%2Fcomments&post=5868"}],"version-history":[{"count":1,"href":"https:\/\/cathidraws.de\/index.php?rest_route=\/wp\/v2\/pages\/5868\/revisions"}],"predecessor-version":[{"id":6530,"href":"https:\/\/cathidraws.de\/index.php?rest_route=\/wp\/v2\/pages\/5868\/revisions\/6530"}],"wp:attachment":[{"href":"https:\/\/cathidraws.de\/index.php?rest_route=%2Fwp%2Fv2%2Fmedia&parent=5868"}],"curies":[{"name":"wp","href":"https:\/\/api.w.org\/{rel}","templated":true}]}}